{"id":16,"date":"2015-01-14T03:45:44","date_gmt":"2015-01-14T03:45:44","guid":{"rendered":"http:\/\/www.2link.ca\/bugetfamilial\/?page_id=16"},"modified":"2018-10-27T21:05:21","modified_gmt":"2018-10-27T21:05:21","slug":"despre-andi","status":"publish","type":"page","link":"http:\/\/www.2link.ca\/bugetfamilial\/despre-andi\/","title":{"rendered":"Despre Andi"},"content":{"rendered":"<div class=\"fcbkbttn_buttons_block\" id=\"fcbkbttn_left\"><div class=\"fcbkbttn_like \"><fb:like href=\"http:\/\/www.2link.ca\/bugetfamilial\/despre-andi\/\" action=\"like\" colorscheme=\"light\" layout=\"standard\"  width=\"225px\" size=\"small\"><\/fb:like><\/div><div class=\"fb-share-button  \" data-href=\"http:\/\/www.2link.ca\/bugetfamilial\/despre-andi\/\" data-type=\"button_count\" data-size=\"small\"><\/div><\/div><figure id=\"attachment_17\" aria-describedby=\"caption-attachment-17\" style=\"width: 225px\" class=\"wp-caption alignleft\"><a href=\"http:\/\/www.2link.ca\/bugetfamilial\/wp-content\/uploads\/2015\/01\/AndiRoma.jpg\"><img loading=\"lazy\" decoding=\"async\" class=\"wp-image-17 size-medium\" src=\"http:\/\/www.2link.ca\/bugetfamilial\/wp-content\/uploads\/2015\/01\/AndiRoma-225x300.jpg\" alt=\"Cu spatele la ruine\" width=\"225\" height=\"300\" srcset=\"http:\/\/www.2link.ca\/bugetfamilial\/wp-content\/uploads\/2015\/01\/AndiRoma-225x300.jpg 225w, http:\/\/www.2link.ca\/bugetfamilial\/wp-content\/uploads\/2015\/01\/AndiRoma.jpg 480w\" sizes=\"auto, (max-width: 225px) 100vw, 225px\" \/><\/a><figcaption id=\"caption-attachment-17\" class=\"wp-caption-text\">Cu spatele la ruine<\/figcaption><\/figure>\n<h3>Misiune<\/h3>\n<p>Nu\u00a0sunt un economist sau finan\u021bist. N-am nici o\u00a0educa\u021bie formal\u0103 despre investi\u021bii, buget, economie. Este doar un hobby. Dar un hobby aprofundat \u00een sute de ore de lectur\u0103 despre aceste subiecte, pe surse gratuite \u0219i pl\u0103tite. Un hobby \u00een care am fost condus de <a href=\"http:\/\/www.2link.ca\/bugetfamilial\/2015\/01\/27\/despre-mentorul-meu\/\">mentori buni<\/a> \u0219i &#8211; un lucru dificil de g\u0103sit &#8211; bun sim\u021b \u0219i capacitatea de a pune lucrurile cap la cap.<\/p>\n<p>Nu sunt deloc bogat (mai ales pentru costurile vie\u021bii din Canada). Investi\u021biile nu m-au f\u0103cut independent financiar [ \u00eenc\u0103 ]. Am avut succese \u00een investi\u021bii \u0219i &#8211;\u00a0un lucru pe care mul\u021bi\u00a0nu\u00a0\u00eel vor recunoa\u0219te &#8211; \u0219i e\u0219ecuri pe m\u0103sur\u0103. Am supravie\u021buit \u0219i am \u00eenv\u0103\u021bat din e\u0219ecuri &#8211; calea autodidactului, calea dificil\u0103 &#8211; \u0219i, pas cu pas, mi-am retu\u0219at ac\u021biunile \u0219i mi-am \u0219lefuit strategiile.<\/p>\n<p><strong>Parcurgerea acestui blog nu v\u0103 va \u00eembog\u0103\u021bi<\/strong>. Nu peste noapte pentru c\u0103 exist\u0103 pu\u021bine secrete care te pot face bogat, rapid &#8211; \u0219i, de obicei, sunt genul de secrete care te pot face, la fel de rapid, \u0219i s\u0103rac peste noapte. Dar, indiferent ce v\u0103 \u00eenva\u021b\u0103 cultura zilelor noastre, nu acesta este sensul. <strong>Sensul este s\u0103 nu tr\u0103im o existen\u021b\u0103 precar\u0103, s\u0103 acapar\u0103m siguran\u021ba zilei de m\u00e2ine \u00een care, a\u0219a cum spun \u00een subtitlul blogului, fericirea poate \u00eenflori<\/strong>.<\/p>\n<p>Tot ce \u00eencerc s\u0103 fac este s\u0103 \u00eemp\u0103rt\u0103\u0219esc metode clare \u0219i simple de a prospera. <strong>Informa\u021bia este putere <\/strong>\u0219i, pentru c\u0103 mi-a mers relativ bine \u00een via\u021b\u0103, mi-a\u0219 dori s\u0103 \u00eemp\u0103rt\u0103\u0219esc aceast\u0103 putere cu voi, cititorii.<\/p>\n<hr \/>\n<h3>Date despre mine<\/h3>\n<p>M-am n\u0103scut \u00een 1970, \u00een Ia\u0219i, Rom\u00e2nia. Am urmat cursurile liceului Costache Negruzzi \u0219i, dup\u0103 un e\u0219ec de r\u0103sunet la treapta a IIa, ale liceului Garabet Ibr\u0103ileanu. E\u0219ecul de la treapta a IIa a ac\u021bionat ca un amplificator de ru\u0219ine \u0219i m-a f\u0103cut s\u0103 m\u0103 mobilizez pentru admiterea la facultate. Am urmat cursurile Facult\u0103\u021bii de Automatic\u0103 \u0219i Calculatoare, \u00eentre 1989 \u0219i 1995. Am repetat anul II pentru c\u0103 decisesem s\u0103 abandonez studiile \u0219i s\u0103 m\u0103 apuc de scris. Din fericire mi-a venit mintea la cap. Cariera de calculatorist mi-a prins bine dpdv financiar.<br \/>\nAm emigrat \u00een Canada \u00een 2000. Am aterizat \u00een Vancouver, pe 28 aprilie 2000, la doar 12 zile dup\u0103 ce-a de-a 30a aniversare. Am venit singur pentru a preg\u0103ti apele pentru sosirea so\u021biei mele de atunci \u0219i a copilului care avea numai 7 luni. Am ob\u021binut o slujb\u0103 pe m\u0103sura calific\u0103rilor mele \u00een doar 2 s\u0103pt\u0103m\u00e2ni. Apoi ne-am mutat, to\u021bi 3, \u00een Ottawa care, \u00een acei ani, era supranumit\u0103 &#8220;Sillicone Valley of The North&#8221;, un loc unde cariera mea avea tot ce-i trebuia ca s\u0103 prind\u0103 aripi. Din nefericire, cariera mea a urmat anii grei ai tehnologiei. Dar am supravie\u021buit \u0219i, pas cu pas, am prosperat. Sunt acum certificat &#8211; de 3x \u00een Microsoft, \u00een Sun Solaris, \u00een Novell Linux (SuSE), \u00een ITILv3. Am muncit, pe r\u00e2nd, la tot soiul de companii &#8211; de la firme de buzunar la guvern sau la multina\u021bionale: Marconi Communication, Wells Fargo, BCE\/Bell, Adobe Systems Inc., Elections Canada, Global Affairs etc.<\/p>\n<p>Investesc din 2009.\u00a0 Am folosit pentru servicii de brokeraj Questrade \u0219i RBC DirectInvesting. Am avut succese importante dar \u0219i vreo 2 e\u0219ecuri de anvergur\u0103. Totu\u0219i, pentru c\u0103 n-am &#8220;<em>jucat la burs\u0103<\/em>&#8221; ci am investit, la cap\u0103tul anului pierderile din acele e\u0219ecuri au fost acoperite de succese. Asta e cel mai important lucru &#8211; nu po\u021bi c\u00e2\u0219tiga mereu&#8230; dar c\u00e2nd tragi linia, c\u00e2\u0219tiguri MINUS pierderi trebuie s\u0103 fie pozitiv (m\u0103car 5-7% pozitiv ca s\u0103 ba\u021bi infla\u021bia).<\/p>\n<p>Dac\u0103 v\u0103 hot\u0103r\u00e2\u021bi s\u0103-mi scrie\u021bi, m\u0103 g\u0103si\u021bi <a href=\"mailto:avalachi@2link.ca?Subject=Contact de la Blogul Prosperitate\" target=\"_top\">aici<\/a><\/p>\n<div class=\"fcbkbttn_buttons_block\" id=\"fcbkbttn_left\"><div class=\"fcbkbttn_like \"><fb:like href=\"http:\/\/www.2link.ca\/bugetfamilial\/despre-andi\/\" action=\"like\" colorscheme=\"light\" layout=\"standard\"  width=\"225px\" size=\"small\"><\/fb:like><\/div><div class=\"fb-share-button  \" data-href=\"http:\/\/www.2link.ca\/bugetfamilial\/despre-andi\/\" data-type=\"button_count\" data-size=\"small\"><\/div><\/div>","protected":false},"excerpt":{"rendered":"<p>Misiune Nu\u00a0sunt un economist sau finan\u021bist. N-am nici o\u00a0educa\u021bie formal\u0103 despre investi\u021bii, buget, economie. Este doar un hobby. Dar un hobby aprofundat \u00een sute de ore de lectur\u0103 despre aceste subiecte, pe surse gratuite \u0219i pl\u0103tite. Un hobby \u00een care am fost condus de mentori buni \u0219i &#8211; un lucru dificil de g\u0103sit &#8211; bun sim\u021b \u0219i capacitatea de a pune lucrurile cap la cap. Nu sunt deloc bogat (mai ales pentru costurile vie\u021bii din Canada). Investi\u021biile nu m-au f\u0103cut independent financiar [ \u00eenc\u0103 ]. Am avut succese \u00een investi\u021bii \u0219i &#8211;\u00a0un lucru pe care mul\u021bi\u00a0nu\u00a0\u00eel vor recunoa\u0219te &#8211; \u0219i e\u0219ecuri pe m\u0103sur\u0103. Am supravie\u021buit \u0219i am \u00eenv\u0103\u021bat din e\u0219ecuri &#8211; calea autodidactului, calea dificil\u0103 &#8211; \u0219i, pas cu pas, mi-am retu\u0219at ac\u021biunile \u0219i mi-am \u0219lefuit strategiile. Parcurgerea acestui blog nu v\u0103 va \u00eembog\u0103\u021bi. Nu peste noapte pentru c\u0103 exist\u0103 pu\u021bine secrete care te pot face bogat, rapid &#8211; \u0219i, de obicei, sunt genul de secrete care te pot face, la fel de rapid, \u0219i s\u0103rac peste noapte. Dar, indiferent ce v\u0103 \u00eenva\u021b\u0103 cultura zilelor noastre, nu acesta este sensul. Sensul este s\u0103 nu tr\u0103im o existen\u021b\u0103 precar\u0103, s\u0103 acapar\u0103m siguran\u021ba zilei de m\u00e2ine \u00een care, a\u0219a cum spun \u00een subtitlul blogului, fericirea poate \u00eenflori. Tot ce \u00eencerc s\u0103 fac este s\u0103 \u00eemp\u0103rt\u0103\u0219esc metode clare \u0219i simple de a prospera. Informa\u021bia este putere \u0219i, pentru c\u0103 mi-a mers relativ bine \u00een via\u021b\u0103, mi-a\u0219 dori s\u0103 \u00eemp\u0103rt\u0103\u0219esc aceast\u0103 putere cu voi, cititorii. Date despre mine M-am n\u0103scut \u00een 1970, \u00een Ia\u0219i, Rom\u00e2nia. Am urmat cursurile liceului Costache Negruzzi \u0219i, dup\u0103 un e\u0219ec de r\u0103sunet la treapta a IIa, ale liceului Garabet Ibr\u0103ileanu. E\u0219ecul de la treapta a IIa a ac\u021bionat ca un amplificator de ru\u0219ine \u0219i m-a f\u0103cut s\u0103 m\u0103 mobilizez pentru admiterea la facultate. Am urmat cursurile Facult\u0103\u021bii de Automatic\u0103 \u0219i Calculatoare, \u00eentre 1989 \u0219i 1995. Am repetat anul II pentru c\u0103 decisesem s\u0103 abandonez studiile \u0219i s\u0103 m\u0103 apuc de scris. Din fericire mi-a venit mintea la cap. Cariera de calculatorist mi-a prins bine dpdv financiar. Am emigrat \u00een Canada \u00een 2000. Am aterizat \u00een Vancouver, pe 28 aprilie 2000, la doar 12 zile dup\u0103 ce-a de-a 30a aniversare. Am venit singur pentru a preg\u0103ti apele pentru sosirea so\u021biei mele de atunci \u0219i a copilului care avea numai 7 luni. Am ob\u021binut o slujb\u0103 pe m\u0103sura calific\u0103rilor mele \u00een doar 2 s\u0103pt\u0103m\u00e2ni. Apoi ne-am mutat, to\u021bi 3, \u00een Ottawa care, \u00een acei ani, era supranumit\u0103 &#8220;Sillicone Valley of The North&#8221;, un loc unde cariera mea avea tot ce-i trebuia ca s\u0103 prind\u0103 aripi. Din nefericire, cariera mea a urmat anii grei ai tehnologiei. Dar am supravie\u021buit \u0219i, pas cu pas, am prosperat. Sunt acum certificat &#8211; de 3x \u00een Microsoft, \u00een Sun Solaris, \u00een Novell Linux (SuSE), \u00een ITILv3. Am muncit, pe r\u00e2nd, la tot soiul de companii &#8211; de la firme de buzunar la guvern sau la multina\u021bionale: Marconi Communication, Wells Fargo, BCE\/Bell, Adobe Systems Inc., Elections Canada, Global Affairs etc. Investesc din 2009.\u00a0 Am folosit pentru servicii de brokeraj Questrade \u0219i RBC DirectInvesting. Am avut succese importante dar \u0219i vreo 2 e\u0219ecuri de anvergur\u0103. Totu\u0219i, pentru c\u0103 n-am &#8220;jucat la burs\u0103&#8221; ci am investit, la cap\u0103tul anului pierderile din acele e\u0219ecuri au fost acoperite de succese. Asta e cel mai important lucru &#8211; nu po\u021bi c\u00e2\u0219tiga mereu&#8230; dar c\u00e2nd tragi linia, c\u00e2\u0219tiguri MINUS pierderi trebuie s\u0103 fie pozitiv (m\u0103car 5-7% pozitiv ca s\u0103 ba\u021bi infla\u021bia). Dac\u0103 v\u0103 hot\u0103r\u00e2\u021bi s\u0103-mi scrie\u021bi, m\u0103 g\u0103si\u021bi aici<\/p>\n","protected":false},"author":1,"featured_media":17,"parent":0,"menu_order":0,"comment_status":"open","ping_status":"open","template":"","meta":{"_s2mail":"","footnotes":""},"class_list":["post-16","page","type-page","status-publish","has-post-thumbnail","hentry"],"_links":{"self":[{"href":"http:\/\/www.2link.ca\/bugetfamilial\/wp-json\/wp\/v2\/pages\/16","targetHints":{"allow":["GET"]}}],"collection":[{"href":"http:\/\/www.2link.ca\/bugetfamilial\/wp-json\/wp\/v2\/pages"}],"about":[{"href":"http:\/\/www.2link.ca\/bugetfamilial\/wp-json\/wp\/v2\/types\/page"}],"author":[{"embeddable":true,"href":"http:\/\/www.2link.ca\/bugetfamilial\/wp-json\/wp\/v2\/users\/1"}],"replies":[{"embeddable":true,"href":"http:\/\/www.2link.ca\/bugetfamilial\/wp-json\/wp\/v2\/comments?post=16"}],"version-history":[{"count":6,"href":"http:\/\/www.2link.ca\/bugetfamilial\/wp-json\/wp\/v2\/pages\/16\/revisions"}],"predecessor-version":[{"id":486,"href":"http:\/\/www.2link.ca\/bugetfamilial\/wp-json\/wp\/v2\/pages\/16\/revisions\/486"}],"wp:featuredmedia":[{"embeddable":true,"href":"http:\/\/www.2link.ca\/bugetfamilial\/wp-json\/wp\/v2\/media\/17"}],"wp:attachment":[{"href":"http:\/\/www.2link.ca\/bugetfamilial\/wp-json\/wp\/v2\/media?parent=16"}],"curies":[{"name":"wp","href":"https:\/\/api.w.org\/{rel}","templated":true}]}}