{"id":47,"date":"2015-01-15T01:37:50","date_gmt":"2015-01-15T01:37:50","guid":{"rendered":"http:\/\/www.2link.ca\/bugetfamilial\/?page_id=47"},"modified":"2015-01-15T01:37:50","modified_gmt":"2015-01-15T01:37:50","slug":"resurse","status":"publish","type":"page","link":"http:\/\/www.2link.ca\/bugetfamilial\/resurse\/","title":{"rendered":"Resurse"},"content":{"rendered":"<div class=\"fcbkbttn_buttons_block\" id=\"fcbkbttn_left\"><div class=\"fcbkbttn_like \"><fb:like href=\"http:\/\/www.2link.ca\/bugetfamilial\/resurse\/\" action=\"like\" colorscheme=\"light\" layout=\"standard\"  width=\"225px\" size=\"small\"><\/fb:like><\/div><div class=\"fb-share-button  \" data-href=\"http:\/\/www.2link.ca\/bugetfamilial\/resurse\/\" data-type=\"button_count\" data-size=\"small\"><\/div><\/div><p><a href=\"http:\/\/www.2link.ca\/bugetfamilial\/wp-content\/uploads\/2015\/01\/resurse.jpg\"><img loading=\"lazy\" decoding=\"async\" class=\"alignright size-medium wp-image-48\" src=\"http:\/\/www.2link.ca\/bugetfamilial\/wp-content\/uploads\/2015\/01\/resurse-300x193.jpg\" alt=\"Resurse\" width=\"300\" height=\"193\" srcset=\"http:\/\/www.2link.ca\/bugetfamilial\/wp-content\/uploads\/2015\/01\/resurse-300x193.jpg 300w, http:\/\/www.2link.ca\/bugetfamilial\/wp-content\/uploads\/2015\/01\/resurse.jpg 536w\" sizes=\"auto, (max-width: 300px) 100vw, 300px\" \/><\/a>Informa\u021bia este putere! Internetul este o surs\u0103 fenomenal\u0103 de informa\u021bie.\u00a0Din nefericire,\u00a0nu am inventat \u00eenc\u0103 un sistem de gestiune a acestei cantit\u0103\u021bi uria\u0219e de informa\u021bie, cu at\u00e2t mai pu\u021bin unul de cuantificare a valorii acesteia.<\/p>\n<p>Media rom\u00e2neasc\u0103, a\u0219a cum \u0219tim cu to\u021bi,\u00a0din nefericire, pedaleaz\u0103 pe emo\u021bie \u0219i mai pu\u021bin pe informare. Informa\u021bia, pu\u021bin\u0103 c\u00e2t este, e p\u0103rtinitoare, menit\u0103 s\u0103 isterizeze publicul, s\u0103-l polarizeze \u00een Tab\u0103ra Drept\u0103\u021bii. Ceea ce trece deseori drept informa\u021bie economic\u0103 \u00een multe ziare \u0219i emisiuni este \u00een fapt propagand\u0103\u00a0pentru un punct de vedere extremist sau altul.\u00a0Poate c\u0103 este vina noastr\u0103 care\u00a0\u0219tampil\u0103m un asemenea tip de jurnalism, poate este vina multor jurnali\u0219ti care au abandonat orice urm\u0103 de deontologie profesional\u0103. Este dincolo de scopul acestui blog.\u00a0Exist\u0103, desigur, pete luminoase\u00a0\u00een acest jurnalism p\u0103rtinitor dar\u00a0aceste abateri de la norm\u0103\u00a0nu sunt plasate \u00een locul pe care \u00eel merit\u0103.<\/p>\n<p>\u00cen aceast\u0103 sec\u021biune voi \u00eencerca s\u0103 v\u0103 fiu ghid prin \u0219uvoiul de informa\u021bii economice care inund\u0103 internetul. O sum\u0103, probabil o sum\u0103 mare, av\u00e2nd \u00een vedere lipsa de popularitate a subiectului \u00een Rom\u00e2nia, vor fi oferite \u00een englez\u0103.\u00a0\u0218tiu c\u0103 mul\u021bi rom\u00e2ni pot citi \u00een englez\u0103 dar, cei care nu o pot face, nu trebuie s\u0103 descurajeze: m\u0103 voi str\u0103dui s\u0103 reiau pe scurt cele mai bune informa\u021bii descoperite de mine.<\/p>\n<div class=\"fcbkbttn_buttons_block\" id=\"fcbkbttn_left\"><div class=\"fcbkbttn_like \"><fb:like href=\"http:\/\/www.2link.ca\/bugetfamilial\/resurse\/\" action=\"like\" colorscheme=\"light\" layout=\"standard\"  width=\"225px\" size=\"small\"><\/fb:like><\/div><div class=\"fb-share-button  \" data-href=\"http:\/\/www.2link.ca\/bugetfamilial\/resurse\/\" data-type=\"button_count\" data-size=\"small\"><\/div><\/div>","protected":false},"excerpt":{"rendered":"<p>Informa\u021bia este putere! Internetul este o surs\u0103 fenomenal\u0103 de informa\u021bie.\u00a0Din nefericire,\u00a0nu am inventat \u00eenc\u0103 un sistem de gestiune a acestei cantit\u0103\u021bi uria\u0219e de informa\u021bie, cu at\u00e2t mai pu\u021bin unul de cuantificare a valorii acesteia. Media rom\u00e2neasc\u0103, a\u0219a cum \u0219tim cu to\u021bi,\u00a0din nefericire, pedaleaz\u0103 pe emo\u021bie \u0219i mai pu\u021bin pe informare. Informa\u021bia, pu\u021bin\u0103 c\u00e2t este, e p\u0103rtinitoare, menit\u0103 s\u0103 isterizeze publicul, s\u0103-l polarizeze \u00een Tab\u0103ra Drept\u0103\u021bii. Ceea ce trece deseori drept informa\u021bie economic\u0103 \u00een multe ziare \u0219i emisiuni este \u00een fapt propagand\u0103\u00a0pentru un punct de vedere extremist sau altul.\u00a0Poate c\u0103 este vina noastr\u0103 care\u00a0\u0219tampil\u0103m un asemenea tip de jurnalism, poate este vina multor jurnali\u0219ti care au abandonat orice urm\u0103 de deontologie profesional\u0103. Este dincolo de scopul acestui blog.\u00a0Exist\u0103, desigur, pete luminoase\u00a0\u00een acest jurnalism p\u0103rtinitor dar\u00a0aceste abateri de la norm\u0103\u00a0nu sunt plasate \u00een locul pe care \u00eel merit\u0103. \u00cen aceast\u0103 sec\u021biune voi \u00eencerca s\u0103 v\u0103 fiu ghid prin \u0219uvoiul de informa\u021bii economice care inund\u0103 internetul. O sum\u0103, probabil o sum\u0103 mare, av\u00e2nd \u00een vedere lipsa de popularitate a subiectului \u00een Rom\u00e2nia, vor fi oferite \u00een englez\u0103.\u00a0\u0218tiu c\u0103 mul\u021bi rom\u00e2ni pot citi \u00een englez\u0103 dar, cei care nu o pot face, nu trebuie s\u0103 descurajeze: m\u0103 voi str\u0103dui s\u0103 reiau pe scurt cele mai bune informa\u021bii descoperite de mine.<\/p>\n","protected":false},"author":1,"featured_media":0,"parent":0,"menu_order":0,"comment_status":"open","ping_status":"open","template":"","meta":{"_s2mail":"","footnotes":""},"class_list":["post-47","page","type-page","status-publish","hentry"],"_links":{"self":[{"href":"http:\/\/www.2link.ca\/bugetfamilial\/wp-json\/wp\/v2\/pages\/47","targetHints":{"allow":["GET"]}}],"collection":[{"href":"http:\/\/www.2link.ca\/bugetfamilial\/wp-json\/wp\/v2\/pages"}],"about":[{"href":"http:\/\/www.2link.ca\/bugetfamilial\/wp-json\/wp\/v2\/types\/page"}],"author":[{"embeddable":true,"href":"http:\/\/www.2link.ca\/bugetfamilial\/wp-json\/wp\/v2\/users\/1"}],"replies":[{"embeddable":true,"href":"http:\/\/www.2link.ca\/bugetfamilial\/wp-json\/wp\/v2\/comments?post=47"}],"version-history":[{"count":1,"href":"http:\/\/www.2link.ca\/bugetfamilial\/wp-json\/wp\/v2\/pages\/47\/revisions"}],"predecessor-version":[{"id":49,"href":"http:\/\/www.2link.ca\/bugetfamilial\/wp-json\/wp\/v2\/pages\/47\/revisions\/49"}],"wp:attachment":[{"href":"http:\/\/www.2link.ca\/bugetfamilial\/wp-json\/wp\/v2\/media?parent=47"}],"curies":[{"name":"wp","href":"https:\/\/api.w.org\/{rel}","templated":true}]}}