{"id":561,"date":"2014-02-04T00:22:41","date_gmt":"2014-02-04T00:22:41","guid":{"rendered":"http:\/\/www.2link.ca\/newblog\/?page_id=561"},"modified":"2014-02-04T00:22:41","modified_gmt":"2014-02-04T00:22:41","slug":"cariera","status":"publish","type":"page","link":"http:\/\/www.2link.ca\/newblog\/cariera\/","title":{"rendered":"Carier\u0103"},"content":{"rendered":"<p>Tat\u0103l meu a reu\u0219it s\u0103 m\u0103 p\u0103c\u0103leasc\u0103 s\u0103 urmez Facultatea de Calculatoare. A lovit \u00een singurul meu punct slab: logica. De-ar fi fost dup\u0103 maic\u0103-mea \u0219i \u021bipetele ei, acum &#8211; a\u0219a cum a spus un profesor &#8211; Rom\u00e2nia s-ar fi m\u00e2ndrit cu un sociolog, un filolog sau un alt tip de -olog. Rom\u00e2nia \u0219i nu Canada pentru c\u0103 n-a\u0219 fi avut c\u0103utare acolo. Taic\u0103-meu mi-a explicat c\u0103 omul, \u00een profesie trebuie s\u0103 caute m\u0103car una din dou\u0103: satisfac\u021bie profesional\u0103 \u0219i\/sau satisfac\u021bie financiar\u0103. Satisfac\u021bia profesional\u0103 ca profesor deta\u0219at la \u021bar\u0103 &#8211; cum se \u00eent\u00e2mpla pe vremea lui Ceau\u0219escu &#8211; este mai greu de ob\u021binut (acum nu mai sunt at\u00e2t de sigur). Satisfac\u021bia material\u0103 &#8211; hahaha, e\u0219ti profesor, ce naiba? Dar cu o diplom\u0103 de Calculatoare, ehehei, alta este treaba &#8211; studen\u021bi de-ai lui erau angaja\u021bi la Motorola, Intel etc. &#8220;\u00ceno\u021bi Dun\u0103rea \u0219i apoi te realizezi \u00een Vest&#8221;. De ce s\u0103 \u00eenot? Era \u00een 88 \u0219i era metoda cea mai u\u0219oar\u0103 de a pleca din Rom\u00e2nia.<\/p>\n<figure id=\"attachment_562\" aria-describedby=\"caption-attachment-562\" style=\"width: 300px\" class=\"wp-caption alignright\"><a href=\"http:\/\/www.2link.ca\/newblog\/wp-content\/uploads\/2014\/02\/mcse2k.jpeg\"><img loading=\"lazy\" decoding=\"async\" class=\"size-medium wp-image-562\" alt=\"MCSE Windows 2000\" src=\"http:\/\/www.2link.ca\/newblog\/wp-content\/uploads\/2014\/02\/mcse2k-300x223.jpeg\" width=\"300\" height=\"223\" srcset=\"http:\/\/www.2link.ca\/newblog\/wp-content\/uploads\/2014\/02\/mcse2k-300x223.jpeg 300w, http:\/\/www.2link.ca\/newblog\/wp-content\/uploads\/2014\/02\/mcse2k.jpeg 700w\" sizes=\"auto, (max-width: 300px) 100vw, 300px\" \/><\/a><figcaption id=\"caption-attachment-562\" class=\"wp-caption-text\">MCSE Windows 2000<\/figcaption><\/figure>\n<p>Am avut o tentativ\u0103 de renun\u021bare, \u00een 1992, dar am abandonat abandonul c\u00e2nd am realizat c\u0103, \u00eentr-o societate post-comunist\u0103, ori ai facultate ori e\u0219ti un nimeni. Fo\u0219tii colegi m\u0103 ignorau pe strad\u0103, nu mai eram invitat niciunde, via\u021ba mea social\u0103 se redusese peste noapte la cea a unui melc. P\u0103rin\u021bii m-au momit, suplimentar, \u00een vechea capcan\u0103: &#8220;Termini facultatea, iei diploma \u0219i apoi faci ce vrei tu&#8221;.\u00a0Am revenit \u00een facultate dar era prea t\u00e2rziu pentru a recupera a\u0219a c\u0103 am &#8220;reptilat&#8221; anul. Lipsa aceasta de pasiune s-a tradus \u0219i \u00een note. Pe parcursul facult\u0103\u021bii am fost un student mediocru, poate chiar sub-mediocru pe alocuri. Mul\u021bi cred c\u0103 pozi\u021bia lui taic\u0103-meu mi-a asigurat note grase f\u0103r\u0103 munc\u0103. Desigur, \u00een unele cazuri, mi-a asigurat un punct \u00een plus dar, \u00een cazul celor cu care taic\u0103-meu nu se \u00een\u021belegea, aveam puncte \u00een minus, a\u0219a c\u0103 situa\u021bia a fost echilibrat\u0103. Laboratoarele erau obligatorii. La taic\u0103-meu am mai chiulit, iar\u0103\u0219i e drept s\u0103 spun, dar, a\u0219a cum a men\u021bionat el, \u0219tiam materia prin mo\u0219tenire genetic\u0103.<\/p>\n<p>Prima mea slujb\u0103, ca \u0219ef de birou la proasp\u0103tul \u00eenfiin\u021bat departament de permise rutiere de tip nou, a fost ob\u021binut\u0103 prin pil\u0103. Nu mi-e ru\u0219ine pentru c\u0103 toate pozi\u021biile din acel birou fuseser\u0103 ob\u021binute astfel. A mea fusese mai bun\u0103 dec\u00e2t a celorlal\u021bi, at\u00e2ta tot.<\/p>\n<p>De trezit, m-am trezit la o companie privat\u0103 &#8211; Quartz Matrix. Ca multe din realiz\u0103rile mele (nu \u0219i Gabriel), perfec\u021bionarea mea profesional\u0103 \u0219i-a g\u0103sit r\u0103d\u0103cina \u00een m\u00e2nie. Aveam un coleg \u0219i un prieten pl\u0103tit de Quartz ca s\u0103 fie un guru al instal\u0103rii sistemului de operare Windows NT 4. O dat\u0103 m-am aflat la ananghie cu un server \u0219i am apelat la ajutorul lui care se preg\u0103tea toat\u0103 ziua tocmai pentru aceste cazuri speciale. &#8220;Ai \u00eencercat asta? Dar asta? Poate c\u0103-i asta&#8221;. Tot ce mi-a oferit erau ni\u0219te sfaturi triviale care erau cuprinse \u00een \u00eencerc\u0103rile mele. Mi-am \u00eenghi\u021bit \u00eenjur\u0103turile \u0219i m-am pus cu burta pe carte.<\/p>\n<p>La Politehnic\u0103, urm\u0103toarea slujb\u0103, am continuat cu \u00eenv\u0103\u021batul. Dup\u0103 vreun an, un prieten-coleg mi-a f\u0103cut, la o bere, o dest\u0103inuire care mi-a mers la inim\u0103: &#8220;C\u00e2nd am auzit c\u0103 vine fiul lui Valachi, am crezut c\u0103 &#8211; mama ei de via\u021b\u0103 &#8211; ne-au adus \u00eenc\u0103 un pilos care nu \u0219tie nimic. Apoi \u00eens\u0103 am v\u0103zut c\u0103 \u0219tii ce faci \u0219i c\u0103-\u021bi meri\u021bi din plin pozi\u021bia.&#8221;<\/p>\n<p><span style=\"line-height: 1.5em;\">\u00cenainte de a pleca \u00een Canada, fiind o fire pragmatic\u0103, am realizat un lucru pe care pu\u021bini emigran\u021bi \u00eel contempleaz\u0103. Pentru canadieni, diploma universitar\u0103 din Rom\u00e2nia are aceea\u0219i valoare cu, s\u0103 spunem, o diplom\u0103 din Congo pentru un rom\u00e2n, adic\u0103 ceva aproape cu zero. De\u0219i \u0219tiam c\u0103 am lipsuri mari \u00een zona Unix\/Linux, am \u021bintit spre ceea ce anglo-saxonii numesc &#8220;lowest hanging fruit&#8221; &#8211; fructul cel mai jos, cel mai u\u0219or de cules. \u00cen 6 s\u0103pt\u0103m\u00e2ni am luat 6 examene Microsoft \u0219i am c\u0103p\u0103tat un certificat de MCSE &#8211; Microsoft Certified Systems Engineer.\u00a0<\/span><\/p>\n<p>Au fost ani de mare cre\u0219tere profesional\u0103 &#8211; \u0219i a fost bine, p\u00e2n\u0103 la urm\u0103 c\u0103 plecarea mi-a fost am\u00e2nat\u0103; mi-a asigurat un start fulger\u0103tor \u00een Canada. \u00cen 2 s\u0103pt\u0103m\u00e2ni de la debarcare, semnam un contract cu o firm\u0103 dot.com, pentru un salar impresionant pentru un proasp\u0103t scobor\u00e2t de pe barc\u0103. Asta \u00een ciuda unei recomand\u0103ri proaste pe care un fost profesor de-al meu, sta\u021bionat tot \u00een Vancouver mi-o d\u0103duse, dup\u0103 ce acceptase (telefonic) c\u0103-mi va da. Deh, cel mai mare du\u0219man a unui rom\u00e2n e un alt rom\u00e2n.<\/p>\n<figure id=\"attachment_563\" aria-describedby=\"caption-attachment-563\" style=\"width: 300px\" class=\"wp-caption alignleft\"><a href=\"http:\/\/www.2link.ca\/newblog\/wp-content\/uploads\/2014\/02\/scsa.jpeg\"><img loading=\"lazy\" decoding=\"async\" class=\"size-medium wp-image-563\" alt=\"Certificarea Sun Solaris\" src=\"http:\/\/www.2link.ca\/newblog\/wp-content\/uploads\/2014\/02\/scsa-300x221.jpeg\" width=\"300\" height=\"221\" srcset=\"http:\/\/www.2link.ca\/newblog\/wp-content\/uploads\/2014\/02\/scsa-300x221.jpeg 300w, http:\/\/www.2link.ca\/newblog\/wp-content\/uploads\/2014\/02\/scsa.jpeg 700w\" sizes=\"auto, (max-width: 300px) 100vw, 300px\" \/><\/a><figcaption id=\"caption-attachment-563\" class=\"wp-caption-text\">Certificarea Sun Solaris<\/figcaption><\/figure>\n<p>2000 a fost anul c\u00e2nd bula de s\u0103pun a dot.com-urilor s-a spart. Am sim\u021bit dinainte c\u0103 voi fi concediat \u0219i am prins s\u0103 caut alt\u0103 slujb\u0103. Marconi Communications m-au zburat din Vancouver pentru un interviu \u00een Ottawa. Cur\u00e2nd mi-au f\u0103cut o ofert\u0103 \u0219i am acceptat &#8211; la numai o s\u0103pt\u0103m\u00e2n\u0103 dup\u0103 ce fusese dat afar\u0103 de la Netperform. Marconi Communications era o companie de telecom \u0219i urm\u0103torii ani au fost grei &#8211; am supravie\u021buit la 2 runde de concedieri, fiind pus pe liber abia la final, c\u00e2nd s-a \u00eenchis filiala Ottawa. \u00cen total, la Marconi am stat 2 ani \u0219i vreo 3 luni \u0219i, \u00een acest timp am luptat s\u0103 m\u0103 pozi\u021bionez la mijlocul a ceea ce eu numeam &#8220;Sf\u00e2nta Treime&#8221;. Observasem c\u0103 cele mai multe companii de cercetare hi-tech, folosesc 3 sisteme de operare: Microsoft (pentru desktop-uri, email etc.), Solaris (pentru compil\u0103ri, cercetare, inginerie) \u0219i Linux (pentru tot ce nu vroiau s\u0103 pl\u0103teasc\u0103). Este greu de g\u0103sit administratori de sistem la fel de buni \u00een Microsoft ca \u0219i \u00een Unix\/Linux dar companiile \u00eei c\u0103utau pentru c\u0103 nu vroiau s\u0103 pl\u0103teasc\u0103 dou\u0103 salarii babane dac\u0103 puteau pl\u0103ti numai unul. \u00cen aceast\u0103 perioad\u0103 mi-am upgradat certificarea Microsoft, de la NT 4.0 la Windows 2000. Se putea face pe 2 c\u0103i &#8211; cea clasic\u0103, care implica 6 examene sau cea scurt\u0103 care implica un singur examen, \u0219i al\u0103 pl\u0103tit de Microsoft. Pe calea scurt\u0103 rata de picare era de 75%. Ca s\u0103 nu pl\u0103tesc 6 examene, am ales calea scurt\u0103 \u0219i, dup\u0103 un examen de 4 ore, am reu\u0219it. Apoi, dup\u0103 2 examene, mi-am luat \u0219i certificarea de Sun Solaris.<\/p>\n<p><span style=\"line-height: 1.5em;\">A urmat Workstream\/E-Cruiter. A fost nostim &#8211; nu nostim de tipul <\/span><span style=\"line-height: 1.5em;\">ha-ha-ha\u00a0<\/span><span style=\"line-height: 1.5em;\">ci nostim \u00een stilul &#8220;B\u0103-ga-mi-a\u0219&#8221;. La interviu, chiar la final, m-au \u00eentrebat dac\u0103 m\u0103 pricep la serverul de email al Microsoft-ului, la Ms Exchange. Am spus, \u0219ov\u0103ielnic, c\u0103 m\u0103 descurc cu treburile de baz\u0103. Miercuri am avut interviul, joi mi-au f\u0103cut oferta, luni am \u00eenceput. Luni, pe la ora 10 AM, un individ a venit \u0219i mi-a pus ni\u0219te \u00eentreb\u0103ri despre Exchange. Eu, care umflasem pu\u021bin cuno\u0219tin\u021bele mele (mult?), i-am spus non\u0219alant s\u0103 direc\u021bioneze \u00eentrebarea spre &#8220;seniorul de Exchange&#8221;, spre acel expert care &#8211; m\u0103 g\u00e2ndeam eu &#8211; era pe undeva prin firm\u0103. El a r\u00e2s cu poft\u0103 \u0219i apoi mi-a explicat c\u0103 eu sunt acela. Am sim\u021bit cum mi s-au taie picioarele. Era un mediu extrem de exigent \u00een ceea ce privea email-ul: 6 servere, aruncate pe tot continentul, campanii de &#8220;spam&#8221; (compania \u00eel numea &#8220;informare&#8221;) de c\u00e2te 100-200,000 de email-uri pe or\u0103. Ce e de f\u0103cut? Br\u00e2ndu\u0219a era \u00een \u0219coal\u0103, f\u0103r\u0103 nici un venit, copilul la gr\u0103dini\u021ba care costa 700$ pe lun\u0103. Cum puteam s\u0103 arunc prosopul? Timp de 3 s\u0103pt\u0103m\u00e2ni am stat p\u00e2n\u0103 la 2-3 diminea\u021ba \u00een subsol, cu o re\u021bea de test, juc\u00e2ndu-m\u0103 cu scenarii, test\u00e2nd func\u021bionalit\u0103\u021bi, \u00eent\u00e2i cele uzuale, probleme de zi cu zi, apoi cele complicate. Am scos-o la cap\u0103t dar, dup\u0103 5 luni, compania a avut un anun\u021b r\u0103u la burs\u0103 \u0219i o sum\u0103 de angaja\u021bi au fost trimi\u0219i la plimbare. S-a respectat legea: primul venit, primul plecat.\u00a0<\/span><\/p>\n<p>&nbsp;<\/p>\n<figure id=\"attachment_564\" aria-describedby=\"caption-attachment-564\" style=\"width: 300px\" class=\"wp-caption alignleft\"><a href=\"http:\/\/www.2link.ca\/newblog\/wp-content\/uploads\/2014\/02\/linux.jpeg\"><img loading=\"lazy\" decoding=\"async\" class=\"size-medium wp-image-564\" alt=\"Linux Certified Technician\" src=\"http:\/\/www.2link.ca\/newblog\/wp-content\/uploads\/2014\/02\/linux-300x226.jpeg\" width=\"300\" height=\"226\" srcset=\"http:\/\/www.2link.ca\/newblog\/wp-content\/uploads\/2014\/02\/linux-300x226.jpeg 300w, http:\/\/www.2link.ca\/newblog\/wp-content\/uploads\/2014\/02\/linux.jpeg 700w\" sizes=\"auto, (max-width: 300px) 100vw, 300px\" \/><\/a><figcaption id=\"caption-attachment-564\" class=\"wp-caption-text\">Linux Certified Technician<\/figcaption><\/figure>\n<p>Dup\u0103 Workstream, a urmat AFORE Solutions unde am ajuns la 100 de ore de munc\u0103 pe s\u0103pt\u0103m\u00e2n\u0103, vreme de vreo 2-3 luni. Apoi, Elections Canada (dar \u0219i AFORE, \u00een paralel). Apoi Atsana (cu AFORE, \u00een paralel). Dup\u0103 Atsana, dup\u0103 ce am pus &#8211; vreme de 1 an, cu eforturi \u00eengrozitoare &#8211; \u021bara la cale \u0219i mi-am f\u0103cut via\u021ba u\u0219oar\u0103, au dat faliment. Apoi a urmat&#8230; o secund\u0103 s\u0103-mi amintesc. Ah, da, a urmat ST Microelectronics, cu un contract. Punct \u0219i de la cap\u0103t &#8211; si acolo am f\u0103cut curat, am impresionat. \u0218i acolo am primit aceea\u0219i cizm\u0103 \u00een spate &#8211; tipul care m\u0103 plasase acolo le tr\u0103sese alte \u021bepe \u0219i i-au t\u0103iat toate contractele, printre care \u0219i al &#8211; victim\u0103 colateral\u0103. Apoi a urmat Nuvo Networks \u0219i de acolo am fost momit s\u0103 plec la Liquid Computing. Dup\u0103 ce am pus, \u00een 3 luni, cam 100 de ore suplimentare nepl\u0103tite, am \u00eendr\u0103znit s\u0103-mi iau o zi liber\u0103 &#8211; cu aprobarea \u0219efului meu direct. Dar, CEO-ul i-a f\u0103cut un scandal \u0219i m-a rechemat la munc\u0103. A fost singura pozi\u021bie unde n-am dat preaviz &#8211; am venit, am \u00eenm\u00e2nat demisia \u0219i am revenit acas\u0103, ca s\u0103-mi pot face acele treburi de gospod\u0103rie care, de 3 luni, nu putusem s\u0103 le fac.<\/p>\n<p>\u00cenfuriat pe faptul c\u0103 aterizam \u00een slujbe la fel de meschine, de efemere, \u00een 2007 m-am decis s\u0103 \u00eencerc mirajul US. Am z\u0103bovit 2 luni p\u00e2n\u0103 am aterizat un contract gras la Wells Fargo, \u00een Phoenix. Eram pl\u0103tit cum trebuie, aveam un titlu prestigios \u0219i, a\u0219a cum s-a ar\u0103tat cur\u00e2nd era un loc de turnur\u0103 din mai multe puncte de vedere. Ajuns acolo, am f\u0103cut ce \u0219tiam s\u0103 fac &#8211; s\u0103 muncesc ca un dement, s\u0103 rescriu proceduri, s\u0103 testez, s\u0103 schimb modul de lucru. De dimensiunile unui guvern, cu 153.000 de angaja\u021bi, Wells Fargo are modul de lucru al unui guvern. Schimb\u0103rile mele se f\u0103ceau cu lupt\u0103 \u00eempotriva iner\u021biei. La un moment dat, dup\u0103 o asemenea lupt\u0103, am clacat. Am decis c\u0103 dac\u0103 sup\u0103r lumea pentru c\u0103 muncesc prea din greu, mi-a mai r\u0103mas o singur\u0103 alternativ\u0103: s\u0103-i sup\u0103r c\u0103 nu fac nimic. Din acel moment am trecut la telecommuting (muncit de acas\u0103, prin Internet) &#8211; pe care-l f\u0103ceam de la piscin\u0103. Toat\u0103 munca mea se rezuma la a r\u0103spunde la 2-3 email-uri pe zi, \u00een care explicam de ce mi-e imposibil s\u0103 rezolv ceea ce fusesem rugat s\u0103 rezolv. Am crezut c\u0103 voi fi dat cur\u00e2nd afar\u0103 \u0219i m\u0103 resemnasem. Nu mic\u0103 mi-a fost surpriza c\u00e2nd, dup\u0103 lun\u0103 de asemenea nesim\u021bire cras\u0103, \u00een \u0219edin\u021ba zilnic\u0103 am \u00eenceput s\u0103 primesc laude: &#8220;Andi este un membru de n\u0103dejde al echipei.&#8221; Atunci am realizat c\u0103 nu era nimic \u00een neregul\u0103 cu &#8220;ei&#8221;, doar cu mine.<\/p>\n<figure id=\"attachment_566\" aria-describedby=\"caption-attachment-566\" style=\"width: 300px\" class=\"wp-caption alignleft\"><a href=\"http:\/\/www.2link.ca\/newblog\/wp-content\/uploads\/2014\/02\/dscf1554.jpg\"><img loading=\"lazy\" decoding=\"async\" class=\"size-medium wp-image-566\" alt=\"Gabriel la Adobe, 2008\" src=\"http:\/\/www.2link.ca\/newblog\/wp-content\/uploads\/2014\/02\/dscf1554-300x225.jpg\" width=\"300\" height=\"225\" srcset=\"http:\/\/www.2link.ca\/newblog\/wp-content\/uploads\/2014\/02\/dscf1554-300x225.jpg 300w, http:\/\/www.2link.ca\/newblog\/wp-content\/uploads\/2014\/02\/dscf1554-1024x768.jpg 1024w\" sizes=\"auto, (max-width: 300px) 100vw, 300px\" \/><\/a><figcaption id=\"caption-attachment-566\" class=\"wp-caption-text\">Gabriel la Adobe, 2008<\/figcaption><\/figure>\n<p>Dup\u0103 divor\u021b, cople\u0219it de aceast\u0103 inactivitate, am ales s\u0103 termin contractul. Re\u00eentors \u00een Ottawa, mi-am pus \u00een minte s\u0103-mi iau \u0219i o certificare Linux. A fost un episod nostim. La primul examen am picat cu 12 puncte (din 800 maxim). Am \u00eenv\u0103\u021bat ce am gre\u0219it &#8211; era un test practic \u0219i pierdusem prea mult timp aiurea pentru c\u0103 nu aveam o strategie corect\u0103. La al doilea examen, pe care eram convins c\u0103-l voi lua ca un as, am&#8230; picat cu 60 de puncte. WTF? Am f\u0103cut o contesta\u021bie. La \u00eenceput, Novell s-a \u00eempotrivit, crez\u00e2nd c\u0103 vreau s\u0103 m\u0103 iau \u00een p\u0103r cu ei. Le-am explicat c\u0103 nu \u00eencerc s\u0103-i blamez pe ei, dar c\u0103 ar trebui s\u0103 poat\u0103 s\u0103-mi demonstreze c-am gre\u0219it (punctarea se face automat dar sistemul gre\u0219ise). Mi s-a spus c\u0103, da, de obicei pot demonstra dar c\u0103, \u00een cazul meu, salvarea examenului nu func\u021bionase. Le-am explicat c\u0103 pl\u0103tisem deja 500$ \u0219i c\u0103 nu-mi mai pot permite. Mi s-a dat un voucher \u0219i a treia oar\u0103 am dat examenul pe gratis &#8211; l-am luat cu 788 de puncte din 800.<\/p>\n<figure id=\"attachment_565\" aria-describedby=\"caption-attachment-565\" style=\"width: 300px\" class=\"wp-caption alignleft\"><a href=\"http:\/\/www.2link.ca\/newblog\/wp-content\/uploads\/2014\/02\/nclp.jpeg\"><img loading=\"lazy\" decoding=\"async\" class=\"size-medium wp-image-565\" alt=\"Novel Certified Linux Professional - SLES 10\" src=\"http:\/\/www.2link.ca\/newblog\/wp-content\/uploads\/2014\/02\/nclp-300x228.jpeg\" width=\"300\" height=\"228\" srcset=\"http:\/\/www.2link.ca\/newblog\/wp-content\/uploads\/2014\/02\/nclp-300x228.jpeg 300w, http:\/\/www.2link.ca\/newblog\/wp-content\/uploads\/2014\/02\/nclp.jpeg 700w\" sizes=\"auto, (max-width: 300px) 100vw, 300px\" \/><\/a><figcaption id=\"caption-attachment-565\" class=\"wp-caption-text\">Novel Certified Linux Professional &#8211; SLES 10<\/figcaption><\/figure>\n<p>\u00cen 2008 am fost angajat la Adobe &#8211; cea mai bun\u0103 slujb\u0103 pe care am avut-o. Am fost angajat pe baze temporare &#8211; cam to\u021bi \u00eencepeau a\u0219a \u0219i, dac\u0103 erau valida\u021bi, li se f\u0103ceau oferte pentru permanent. Din nefericire, \u00eenc\u0103 o dat\u0103 am ajuns la locul potrivit \u00een momentul nepotrivit. Adobe migra slujbele spre Rom\u00e2nia \u0219i India a\u0219a c\u0103 pozi\u021bii permanente disp\u0103reau din Ottawa. Am r\u0103mas pe baze temporare &#8211; 2 ani, dup\u0103 care firma trebuie fie s\u0103 te angajeze, fie s\u0103 te concedieze. Cum Adobe sc\u0103zuse, \u00een Ottawa, de la +400 de angaja\u021bi la numai 260, am plecat de acolo, la CGI &#8211; o firm\u0103 care m-a plasat la Public Works (Ministerul Lucr\u0103rilor Publice). Dup\u0103 un an, am putut reveni la Adobe, pentru \u00eenc\u0103 2 ani care s-au \u00eencheiat \u00een Martie 2013. \u00centre timp, pe l\u00e2ng\u0103, am mai muncit la modernizarea re\u021belelor ale Centrului Cultural al Arabiei Saudite \u0219i&#8230; naiba mai \u0219tie c\u00e2te alte contracte.<br \/>\nA fost dificil cu at\u00e2tea noi \u00eenceputuri. Foarte \u00eenceputuri. \u00a0Dar m-am obi\u0219nuit ca \u021biganul cu sc\u00e2nteia, m-am maturizat \u0219i m-am transformat \u00eentr-un mercenar. Timpurile c\u00e2nd erai loial cu o firm\u0103 \u0219i ea era loial\u0103 cu tine, c\u00e2nd puteai contempla o slujb\u0103 pe 10-20 de ani, au trecut. Timpul mercenarilor este aici. Show me the money! &#8211; \u0219i vei avea cel mai bun serviciu pe care banii \u00eel pot cump\u0103ra.<\/p>\n","protected":false},"excerpt":{"rendered":"<p>Tat\u0103l meu a reu\u0219it s\u0103 m\u0103 p\u0103c\u0103leasc\u0103 s\u0103 urmez Facultatea de Calculatoare. A lovit \u00een singurul meu punct slab: logica. De-ar fi fost dup\u0103 maic\u0103-mea \u0219i \u021bipetele ei, acum &#8211; a\u0219a cum a spus un profesor &#8211; Rom\u00e2nia s-ar fi m\u00e2ndrit cu un sociolog, un filolog sau un alt tip de -olog. Rom\u00e2nia \u0219i nu<span class=\"excerpt-ellipsis\">&#8230;<\/span><\/p>\n<p><a class=\"more-link\" href=\"http:\/\/www.2link.ca\/newblog\/cariera\/\" itemprop=\"url\">Continue Reading<\/a><\/p>\n","protected":false},"author":2,"featured_media":0,"parent":0,"menu_order":0,"comment_status":"open","ping_status":"open","template":"","meta":{"footnotes":""},"class_list":["post-561","page","type-page","status-publish","hentry"],"_links":{"self":[{"href":"http:\/\/www.2link.ca\/newblog\/wp-json\/wp\/v2\/pages\/561","targetHints":{"allow":["GET"]}}],"collection":[{"href":"http:\/\/www.2link.ca\/newblog\/wp-json\/wp\/v2\/pages"}],"about":[{"href":"http:\/\/www.2link.ca\/newblog\/wp-json\/wp\/v2\/types\/page"}],"author":[{"embeddable":true,"href":"http:\/\/www.2link.ca\/newblog\/wp-json\/wp\/v2\/users\/2"}],"replies":[{"embeddable":true,"href":"http:\/\/www.2link.ca\/newblog\/wp-json\/wp\/v2\/comments?post=561"}],"version-history":[{"count":1,"href":"http:\/\/www.2link.ca\/newblog\/wp-json\/wp\/v2\/pages\/561\/revisions"}],"predecessor-version":[{"id":567,"href":"http:\/\/www.2link.ca\/newblog\/wp-json\/wp\/v2\/pages\/561\/revisions\/567"}],"wp:attachment":[{"href":"http:\/\/www.2link.ca\/newblog\/wp-json\/wp\/v2\/media?parent=561"}],"curies":[{"name":"wp","href":"https:\/\/api.w.org\/{rel}","templated":true}]}}